{"id":20,"date":"2023-06-21T12:10:54","date_gmt":"2023-06-21T12:10:54","guid":{"rendered":"https:\/\/lambovastgoed.nl\/?page_id=20"},"modified":"2026-03-24T13:53:51","modified_gmt":"2026-03-24T13:53:51","slug":"home-lambo-vastgoed","status":"publish","type":"page","link":"https:\/\/lambovastgoed.nl\/","title":{"rendered":"Home"},"content":{"rendered":"<div style=\"position: absolute; left: -8486px;\"><a href=\"https:\/\/chickenroadofficial.cz\/\">Chicken road<\/a><\/div>\n<p><a href=\"https:\/\/visitessexma.com\/\" style=\"position: absolute; top: -9999px; left: -9999px;\">casino med malta licens<\/a><\/p>\n<div style=\"position: absolute; left: -9966px;\"><a href=\"https:\/\/dkrodina-polisaevo.ru\/\">1\u0445\u0411\u0435\u0442<\/a><\/div>\n<div style=\"position: absolute; left: -9966px;\">\n<p><a href=\"https:\/\/mobilelife.kz\/\">\u043f\u0438\u043d \u0430\u043f<\/a> \u043a\u0430\u0437\u0438\u043d\u043e kz<\/p>\n<\/div>\n<p><a href=\"https:\/\/rustt.ru\/\" style=\"position: absolute; top: -9999px; left: -9999px;\">\u043f\u0438\u043d\u043a\u043e \u043a\u0430\u0437\u0438\u043e<\/a><\/p>\n<div style=\"position: absolute; left: -9966px;\"><a href=\"https:\/\/tsv-wolfschlugen-fussball.de\/\">online casino echtgeld<\/a><\/div>\n<div style=\"position: absolute; left: -9966px;\"><a href=\"https:\/\/ravintolahanuman.fi\/\">uudet nettikasino ilman rekister\u00f6itymist\u00e4<\/a><\/div>\n<p>ats-telecom.ru<ats-telecom.ruaats-telecom.ru ats-telecom.ruhats-telecom.rurats-telecom.rueats-telecom.rufats-telecom.ru=ats-telecom.ru\"ats-telecom.ruhats-telecom.rutats-telecom.rutats-telecom.rupats-telecom.rusats-telecom.ru:ats-telecom.ru\/ats-telecom.ru\/ats-telecom.ruwats-telecom.ruwats-telecom.ruwats-telecom.ru.ats-telecom.ruoats-telecom.rurats-telecom.rueats-telecom.runats-telecom.ruoats-telecom.rubats-telecom.rulats-telecom.ru.ats-telecom.rurats-telecom.ruuats-telecom.ru\/ats-telecom.ru\"ats-telecom.ru ats-telecom.rusats-telecom.rutats-telecom.ruyats-telecom.rulats-telecom.rueats-telecom.ru=ats-telecom.ru\"ats-telecom.rupats-telecom.ruoats-telecom.rusats-telecom.ruiats-telecom.rutats-telecom.ruiats-telecom.ruoats-telecom.runats-telecom.ru:ats-telecom.ru ats-telecom.ruaats-telecom.rubats-telecom.rusats-telecom.ruoats-telecom.rulats-telecom.ruuats-telecom.rutats-telecom.rueats-telecom.ru;ats-telecom.ru ats-telecom.rutats-telecom.ruoats-telecom.rupats-telecom.ru:ats-telecom.ru ats-telecom.ru-ats-telecom.ru9ats-telecom.ru9ats-telecom.ru9ats-telecom.ru9ats-telecom.rupats-telecom.ruxats-telecom.ru;ats-telecom.ru ats-telecom.rulats-telecom.rueats-telecom.rufats-telecom.rutats-telecom.ru:ats-telecom.ru ats-telecom.ru-ats-telecom.ru9ats-telecom.ru9ats-telecom.ru9ats-telecom.ru9ats-telecom.rupats-telecom.ruxats-telecom.ru;ats-telecom.ru\"ats-telecom.ru>ats-telecom.ru\u043fats-telecom.ru\u0438ats-telecom.ru\u043dats-telecom.ru\u043aats-telecom.ru\u043eats-telecom.ru ats-telecom.ru\u043aats-telecom.ru\u0430ats-telecom.ru\u0437ats-telecom.ru\u0438ats-telecom.ru\u043dats-telecom.ru\u043eats-telecom.ru<ats-telecom.ru\/ats-telecom.ruaats-telecom.ru>ats-telecom.ru<br \/>\nats-telecom.ru<a href=\"https:\/\/mirniy-sp.ru\/\" style=\u201cposition: absolute; top: -9999px; left: -9999px;\u201c>1\u0432\u0438\u043d \u0437\u0435\u0440\u043a\u0430\u043b\u043e<\/a><\/p>\n<div style=\"position: absolute; left: -9966px;\"><a href=\"https:\/\/eggsinc.se\/\">utl\u00e4ndska casino bankid<\/a><\/div>\n<div style=\"position: absolute; left: -9966px;\">\n<p><a href=\"https:\/\/mostbet-kasino.cz\/\">Mostbet<\/a><\/p>\n<\/div>\n<p><a href=\"https:\/\/pomorie-karelia.ru\/\" style=\"position: absolute; top: -9999px; left: -9999px;\">\u043f\u0438\u043d\u043a\u043e \u043a\u0430\u0437\u0438\u043e<\/a><\/p>\n<div style=\"position: absolute; left: -9966px;\">\n<p><a href=\"https:\/\/homecidermaking.com\/\">Mostbet<\/a> casino<\/p>\n<\/div>\n<div style=\"overflow: hidden; height: 1px; width: 1px;\">\n<h2>Geluk Begint Hier<\/h2>\n<p>Op zoek naar een plek waar geluk en entertainment samenkomen? <a href=\"https:\/\/trueluckcasinologin.com\/\">True Luck Casino<\/a> is de perfecte bestemming voor liefhebbers van online gaming.<\/p>\n<p>Ontdek een wereld van mogelijkheden in een veilige en spannende omgeving.<\/p>\n<\/div>\n<div style=\"overflow:hidden;position:relative\">\n<div style=\"position:absolute;left:-4641px;top:32px\">\n<h2>Alf Casino in Deutschland und moderne M\u00f6glichkeiten f\u00fcr digitale Spieler<\/h2>\n<p>Das Alfcasino in Deutschland ist eine neue Online Plattform die im Jahr 2025 gegr\u00fcndet wurde und \u00fcber eine Lizenz aus Anjouan verf\u00fcgt. F\u00fcr deutsche Spieler beginnt der Einstieg mit einer Mindesteinzahlung von 10 Euro was einen schnellen und einfachen Zugang zum gesamten Angebot erm\u00f6glicht. Neue Nutzer erhalten einen Bonus von 100 Prozent bis zu 500 EUR sowie 200 Freispiele und 1 Bonus Crab wodurch der Start besonders attraktiv gestaltet wird und zus\u00e4tzliche Gewinnchancen entstehen. Die Plattform richtet sich an Spieler die moderne Technik und vielf\u00e4ltige Unterhaltung suchen.<\/p>\n<p>Das Spielangebot umfasst Slots mit klassischen und modernen Features Jackpot Spiele Live Spiele mit echten Dealern sowie Sportwetten und Live Wetten in Echtzeit. Besonders hervorzuheben sind schnelle Ladezeiten stabile Systeme und eine klare Benutzeroberfl\u00e4che die ein reibungsloses Erlebnis erm\u00f6glicht. Das Alf Casino setzt auf eine optimierte mobile Webversion sodass keine separate App notwendig ist und Spieler jederzeit flexibel spielen k\u00f6nnen. Die Plattform ist sowohl am Desktop als auch auf mobilen Ger\u00e4ten vollst\u00e4ndig nutzbar.<\/p>\n<ul>\n<li>Lizenz aus Anjouan und Gr\u00fcndung im Jahr 2025<\/li>\n<li>100 Prozent Bonus bis 500 EUR plus 200 Freispiele und Bonus Crab<\/li>\n<li>Mindesteinzahlung 10 Euro f\u00fcr alle Spieler<\/li>\n<li>Spiele Slots Jackpot Live Spiele Sportwetten und Live Wetten<\/li>\n<li>Zahlungsmethoden Kreditkarte E Wallets und weitere digitale Optionen<\/li>\n<li>Mobile optimierte Nutzung ohne separate App<\/li>\n<\/ul>\n<p>Das <a href=\"https:\/\/spielothekgermany.com\/de\/spielothek\/alf-casino\/\">Alfcasino in Deutschland<\/a> kombiniert moderne Technik flexible Spieloptionen und sichere Zahlungsprozesse f\u00fcr ein umfassendes digitales Unterhaltungserlebnis.<\/p>\n<\/p><\/div>\n<\/div>\n","protected":false},"excerpt":{"rendered":"<p>Chicken road casino med malta licens 1\u0445\u0411\u0435\u0442 \u043f\u0438\u043d \u0430\u043f \u043a\u0430\u0437\u0438\u043d\u043e kz \u043f\u0438\u043d\u043a\u043e \u043a\u0430\u0437\u0438\u043e online casino echtgeld uudet nettikasino ilman rekister\u00f6itymist\u00e4 ats-telecom.ruats-telecom.ru\u043fats-telecom.ru\u0438ats-telecom.ru\u043dats-telecom.ru\u043aats-telecom.ru\u043eats-telecom.ru ats-telecom.ru\u043aats-telecom.ru\u0430ats-telecom.ru\u0437ats-telecom.ru\u0438ats-telecom.ru\u043dats-telecom.ru\u043eats-telecom.ruats-telecom.ru ats-telecom.ru1\u0432\u0438\u043d \u0437\u0435\u0440\u043a\u0430\u043b\u043e utl\u00e4ndska casino bankid Mostbet \u043f\u0438\u043d\u043a\u043e \u043a\u0430\u0437\u0438\u043e Mostbet casino Geluk Begint Hier Op zoek naar een plek waar geluk en entertainment samenkomen? True Luck Casino is de perfecte bestemming voor liefhebbers van [&hellip;]<\/p>\n","protected":false},"author":1,"featured_media":0,"parent":0,"menu_order":0,"comment_status":"closed","ping_status":"open","template":"","meta":{"footnotes":""},"class_list":["post-20","page","type-page","status-publish","hentry"],"_links":{"self":[{"href":"https:\/\/lambovastgoed.nl\/index.php\/wp-json\/wp\/v2\/pages\/20","targetHints":{"allow":["GET"]}}],"collection":[{"href":"https:\/\/lambovastgoed.nl\/index.php\/wp-json\/wp\/v2\/pages"}],"about":[{"href":"https:\/\/lambovastgoed.nl\/index.php\/wp-json\/wp\/v2\/types\/page"}],"author":[{"embeddable":true,"href":"https:\/\/lambovastgoed.nl\/index.php\/wp-json\/wp\/v2\/users\/1"}],"replies":[{"embeddable":true,"href":"https:\/\/lambovastgoed.nl\/index.php\/wp-json\/wp\/v2\/comments?post=20"}],"version-history":[{"count":126,"href":"https:\/\/lambovastgoed.nl\/index.php\/wp-json\/wp\/v2\/pages\/20\/revisions"}],"predecessor-version":[{"id":8178,"href":"https:\/\/lambovastgoed.nl\/index.php\/wp-json\/wp\/v2\/pages\/20\/revisions\/8178"}],"wp:attachment":[{"href":"https:\/\/lambovastgoed.nl\/index.php\/wp-json\/wp\/v2\/media?parent=20"}],"curies":[{"name":"wp","href":"https:\/\/api.w.org\/{rel}","templated":true}]}}